{"id":255,"date":"2024-01-03T13:20:48","date_gmt":"2024-01-03T11:20:48","guid":{"rendered":"http:\/\/olivila.scatter.cat\/?page_id=255"},"modified":"2024-01-03T22:43:18","modified_gmt":"2024-01-03T20:43:18","slug":"avis-legal","status":"publish","type":"page","link":"https:\/\/olivila.com\/es\/aviso-legal\/","title":{"rendered":"Aviso Legal"},"content":{"rendered":"<style>.kb-row-layout-id255_3ab973-4e > .kt-row-column-wrap{align-content:start;}:where(.kb-row-layout-id255_3ab973-4e > .kt-row-column-wrap) > .wp-block-kadence-column{justify-content:start;}.kb-row-layout-id255_3ab973-4e > .kt-row-column-wrap{column-gap:var(--global-kb-gap-md, 2rem);row-gap:var(--global-kb-gap-md, 2rem);max-width:var( --global-content-width, 1720px );padding-left:var(--global-content-edge-padding);padding-right:var(--global-content-edge-padding);padding-top:var(--global-kb-spacing-sm, 1.5rem);padding-bottom:var(--global-kb-spacing-sm, 1.5rem);grid-template-columns:minmax(0, 1fr);}.kb-row-layout-id255_3ab973-4e > .kt-row-layout-overlay{opacity:0.30;}@media all and (max-width: 1024px){.kb-row-layout-id255_3ab973-4e > .kt-row-column-wrap{grid-template-columns:minmax(0, 1fr);}}@media all and (max-width: 767px){.kb-row-layout-id255_3ab973-4e > .kt-row-column-wrap{grid-template-columns:minmax(0, 1fr);}}<\/style><div class=\"kb-row-layout-wrap kb-row-layout-id255_3ab973-4e alignnone wp-block-kadence-rowlayout\"><div class=\"kt-row-column-wrap kt-has-1-columns kt-row-layout-equal kt-tab-layout-inherit kt-mobile-layout-row kt-row-valign-top kb-theme-content-width\">\n<style>.kadence-column255_2c278e-29 > .kt-inside-inner-col,.kadence-column255_2c278e-29 > .kt-inside-inner-col:before{border-top-left-radius:0px;border-top-right-radius:0px;border-bottom-right-radius:0px;border-bottom-left-radius:0px;}.kadence-column255_2c278e-29 > .kt-inside-inner-col{column-gap:var(--global-kb-gap-sm, 1rem);}.kadence-column255_2c278e-29 > .kt-inside-inner-col{flex-direction:column;}.kadence-column255_2c278e-29 > .kt-inside-inner-col > .aligncenter{width:100%;}.kadence-column255_2c278e-29 > .kt-inside-inner-col:before{opacity:0.3;}.kadence-column255_2c278e-29{position:relative;}@media all and (max-width: 1024px){.kadence-column255_2c278e-29 > .kt-inside-inner-col{flex-direction:column;justify-content:center;}}@media all and (max-width: 767px){.kadence-column255_2c278e-29 > .kt-inside-inner-col{flex-direction:column;justify-content:center;}}<\/style>\n<div class=\"wp-block-kadence-column kadence-column255_2c278e-29\"><div class=\"kt-inside-inner-col\"><style>.wp-block-kadence-advancedheading.kt-adv-heading255_afc5c5-fa, .wp-block-kadence-advancedheading.kt-adv-heading255_afc5c5-fa[data-kb-block=\"kb-adv-heading255_afc5c5-fa\"]{font-size:var(--global-kb-font-size-xxl, 4rem);font-style:normal;}.wp-block-kadence-advancedheading.kt-adv-heading255_afc5c5-fa mark.kt-highlight, .wp-block-kadence-advancedheading.kt-adv-heading255_afc5c5-fa[data-kb-block=\"kb-adv-heading255_afc5c5-fa\"] mark.kt-highlight{font-style:normal;color:#f76a0c;-webkit-box-decoration-break:clone;box-decoration-break:clone;padding-top:0px;padding-right:0px;padding-bottom:0px;padding-left:0px;}.wp-block-kadence-advancedheading.kt-adv-heading255_afc5c5-fa img.kb-inline-image, .wp-block-kadence-advancedheading.kt-adv-heading255_afc5c5-fa[data-kb-block=\"kb-adv-heading255_afc5c5-fa\"] img.kb-inline-image{width:150px;vertical-align:baseline;}<\/style>\n<h1 class=\"kt-adv-heading255_afc5c5-fa wp-block-kadence-advancedheading\" data-kb-block=\"kb-adv-heading255_afc5c5-fa\">Aviso legal<\/h1>\n\n\n\n<p>En cumplimiento de la Ley 34\/2002, de 11 de julio, de servicios de la sociedad de la informaci\u00f3n y de comercio electr\u00f3nico (LSSI), le informamos de que:<\/p>\n\n\n\n<p><strong>Vil\u00e0 Moli d\u2019Oli SL<\/strong>&nbsp;est\u00e1 domiciliada en la calle&nbsp;de Lleida, del Cogul, con CIF&nbsp;B25398959. Inscrita en el Registro Mercantil de&nbsp;Lleida, Tomo&nbsp;495 de la secci\u00f3n general, Folio&nbsp;218, Hoja numero L-9235, Inscripci\u00f3n&nbsp;2\u00aa<\/p>\n\n\n\n<h6 class=\"wp-block-heading\"><strong>CONDICIONES GENERALES DE USO DE LA WEB<\/strong><\/h6>\n\n\n\n<p>El nombre de dominio olivila.com es titularidad de Oli Vil\u00e0 y su uso exclusivo est\u00e1 reservado a \u00e9ste.<\/p>\n\n\n\n<p>El portal oficial de Oli Vil\u00e0 es <a href=\"https:\/\/olivila.com\/es\/\">www.olivila.com<\/a> y, tanto este como el resto de portales bajo los dominios citados, tienen por objeto facilitar al p\u00fablico, en general, el conocimiento de las actividades que esta empresa realiza y de los productos y servicios que presta.<\/p>\n\n\n\n<p>Por ello, si las consideraciones detalladas en este Aviso Legal no son de su conformidad, rogamos no haga uso del Portal, ya que cualquier uso que haga del mismo o de los servicios y contenidos en \u00e9l incluidos implicar\u00e1 la aceptaci\u00f3n de los t\u00e9rminos legales recogidos en este texto.<\/p>\n\n\n\n<p>Oli Vil\u00e0 se reserva la facultad de efectuar, en cualquier momento y sin necesidad de previo aviso, modificaciones y actualizaciones de la informaci\u00f3n contenida en su Web o en la configuraci\u00f3n y presentaci\u00f3n de \u00e9sta.<\/p>\n\n\n\n<p>Con objeto de mantener actualizada la informaci\u00f3n publicada en los portales, los contenidos del mismo podr\u00e1n ser modificados, corregidos, eliminados o a\u00f1adidos en cualquier momento, por lo que ser\u00e1 conveniente comprobar la vigencia o exactitud de los mismos acudiendo a las fuentes oficiales.<\/p>\n\n\n\n<hr class=\"wp-block-separator has-alpha-channel-opacity\"\/>\n\n\n\n<h6 class=\"wp-block-heading\"><strong>PROPIEDAD INTELECTUAL, INDUSTRIAL Y FRAMES<\/strong><\/h6>\n\n\n\n<p>Todos los elementos que forman el sitio Web, as\u00ed como su estructura, dise\u00f1o, c\u00f3digo fuente, as\u00ed como los logos, marcas y dem\u00e1s signos distintivos que aparecen en la misma, son titularidad de Oli Vil\u00e0 o de sus colaboradores y est\u00e1n protegidos por los correspondientes derechos de propiedad intelectual e industrial.<\/p>\n\n\n\n<p>Igualmente est\u00e1n protegidos por los correspondientes derechos de propiedad intelectual e industrial las im\u00e1genes y otros elementos gr\u00e1ficos contenidos en el sitio Web.<\/p>\n\n\n\n<p>Oli Vil\u00e0 proh\u00edbe expresamente la realizaci\u00f3n de \u201cframings\u201d o la utilizaci\u00f3n por parte de terceros de cualesquiera otros mecanismos que alteren el dise\u00f1o, configuraci\u00f3n original o contenidos de nuestros portales.<\/p>\n\n\n\n<p>El uso de los contenidos deber\u00e1 respetar su licenciamiento particular. De tal modo su uso, reproducci\u00f3n, distribuci\u00f3n, comunicaci\u00f3n p\u00fablica, transformaci\u00f3n o cualquier otra actividad similar o an\u00e1loga, queda totalmente prohibida salvo que medie previa y expresa autorizaci\u00f3n de Oli Vil\u00e0.<\/p>\n\n\n\n<p>Oli Vil\u00e0 autoriza la reproducci\u00f3n total o parcial de los textos y contenidos proporcionados por el portal, siempre que concurran todas y cada una de las siguientes condiciones:<\/p>\n\n\n\n<ol class=\"wp-block-list\">\n<li>Se mantenga la integridad de los contenidos, documentos o gr\u00e1ficos.<\/li>\n\n\n\n<li>Se cite expresamente a Oli Vil\u00e0 como fuente y origen de aquellos.<\/li>\n\n\n\n<li>El prop\u00f3sito y la finalidad de tal uso sea compatible con los fines de la Web y\/o la actividad de Oli Vil\u00e0.<\/li>\n\n\n\n<li>No se pretenda un uso comercial, quedando expresamente prohibidas su distribuci\u00f3n, comunicaci\u00f3n p\u00fablica, transformaci\u00f3n o descompilaci\u00f3n.<\/li>\n<\/ol>\n\n\n\n<p>Cualquier otro uso habr\u00e1 de ser comunicado y autorizado por Oli Vil\u00e0, previa y expresamente.<\/p>\n\n\n\n<p>Respecto a las citas de productos y servicios de terceros, Oli Vil\u00e0 reconoce a favor de sus titulares los correspondientes derechos de propiedad industrial e intelectual, no implicando su sola menci\u00f3n o aparici\u00f3n en la Web la existencia de derechos ni de responsabilidad alguna sobre los mismos, como tampoco respaldo, patrocinio o recomendaci\u00f3n.<\/p>\n\n\n\n<p>Oli Vil\u00e0 declara su respeto a los derechos de propiedad intelectual e industrial de terceros; por ello, si considera que nuestra Web pudiera estar violando sus derechos, rogamos se ponga en contacto con Oli Vil\u00e0.<\/p>\n\n\n\n<hr class=\"wp-block-separator has-alpha-channel-opacity\"\/>\n\n\n\n<h6 class=\"wp-block-heading\"><strong>RESPONSABILIDAD<\/strong><\/h6>\n\n\n\n<p>Oli Vil\u00e0 no garantiza la inexistencia de errores en el acceso a la Web, en su contenido, ni que \u00e9ste se encuentre actualizado, aunque Oli Vil\u00e0 desarrollar\u00e1 sus mejores esfuerzos para, en su caso, evitarlos, subsanarlos o actualizarlos.<\/p>\n\n\n\n<p>Tanto el acceso a la Web de Oli Vil\u00e0 como el uso que pueda hacerse de la informaci\u00f3n contenida en la misma es de la exclusiva responsabilidad de quien lo realiza.<\/p>\n\n\n\n<p>Oli Vil\u00e0 no se hace responsable de los posibles errores de seguridad que se puedan producir ni de los posibles da\u00f1os que puedan causarse al sistema inform\u00e1tico del Usuario (hardware y software), los ficheros o documentos almacenados en el mismo, como consecuencia de la presencia de virus en el ordenador del Usuario utilizado para la conexi\u00f3n a los servicios y contenidos de la Web, de un mal funcionamiento del navegador o del uso de versiones no actualizadas del mismo.<\/p>\n\n\n\n<p>Oli Vil\u00e0 no se hace responsable de la informaci\u00f3n y contenidos almacenados, a t\u00edtulo enunciativo pero no limitativo, en foros, chats, blogs, comentarios, redes sociales o cualesquiera otro medio que permita a terceros publicar contenidos de forma independiente en la p\u00e1gina web de Oli Vil\u00e0.<\/p>\n\n\n\n<p>No obstante y en cumplimiento de lo dispuesto en la LSSI, Oli Vil\u00e0 se pone a disposici\u00f3n de todos los usuarios, autoridades y fuerzas de seguridad, y colaborando de forma activa en la retirada o en su caso bloqueo de todos aquellos contenidos que pudieran afectar o contravenir la legislaci\u00f3n nacional, o internacional, derechos de terceros o la moral y el orden p\u00fablico. En caso de que el usuario considere que existe en el sitio web alg\u00fan contenido que pudiera ser susceptible de esta clasificaci\u00f3n, rogamos se ponga en contacto con Oli Vil\u00e0.<\/p>\n\n\n\n<p>Oli Vil\u00e0 no se responsabiliza de las contestaciones que se realicen a trav\u00e9s de las distintas direcciones de correo electr\u00f3nico que aparecen en su Web, por lo que en ning\u00fan caso podr\u00e1 derivarse efecto jur\u00eddico vinculante de las mismas.<\/p>\n\n\n\n<hr class=\"wp-block-separator has-alpha-channel-opacity\"\/>\n\n\n\n<h6 class=\"wp-block-heading\"><strong>LINKS O HIPERENLACES<\/strong><\/h6>\n\n\n\n<p>Los enlaces contenidos en nuestra Web pueden dirigir a contenidos Web de terceros. El objetivo de dichos enlaces es \u00fanicamente facilitarle la b\u00fasqueda de los recursos que le puedan interesar a trav\u00e9s de Internet. No obstante, dichas p\u00e1ginas no pertenecen a Oli Vil\u00e0, ni hace una revisi\u00f3n de sus contenidos y, por ello, Oli Vil\u00e0 no asume ninguna responsabilidad por el contenido, informaciones o servicios que pudieran aparecer en dichos sitios, que tendr\u00e1n exclusivamente car\u00e1cter informativo y que en ning\u00fan caso implican relaci\u00f3n alguna entre Oli Vil\u00e0 y las personas o entidades titulares de tales contenidos o titulares de los sitios donde se encuentren. Oli Vil\u00e0 tampoco puede hacerse responsable del funcionamiento de la p\u00e1gina enlazada o de los posibles da\u00f1os que puedan derivarse del acceso o uso de la misma.<\/p>\n\n\n\n<p>Los enlaces a las web de Oli Vil\u00e0 deber\u00e1n respetar las siguientes condiciones:<\/p>\n\n\n\n<ol class=\"wp-block-list\">\n<li>El establecimiento del enlace no supondr\u00e1 ning\u00fan tipo de acuerdo, contrato, patrocinio ni recomendaci\u00f3n por parte de Oli Vil\u00e0 de la p\u00e1gina que realiza el enlace.<\/li>\n\n\n\n<li>La p\u00e1gina web en la que se establezca el hiperenlace no contendr\u00e1 informaciones con contenidos que sean il\u00edcitos, discriminatorios, contrarios a los principios \u00e9ticos com\u00fanmente aceptados o atenten contra el orden p\u00fablico, as\u00ed como tampoco contendr\u00e1 contenidos contrarios a cualesquiera derechos de terceros.<\/li>\n\n\n\n<li>Oli Vil\u00e0 podr\u00e1 solicitar que se retire un enlace a su web, sin necesidad de alegar causa alguna. En tal caso, la p\u00e1gina que haya realizado el enlace deber\u00e1 proceder a su inmediata supresi\u00f3n, tan pronto como reciba la notificaci\u00f3n Oli Vil\u00e0.<\/li>\n\n\n\n<li>No se responsabiliza en modo alguno ni garantiza la calidad, exactitud, fiabilidad, correcci\u00f3n o moralidad de contenidos o servicios que el establecimiento del hiperenlace pueda ofrecer. El usuario asume bajo su exclusiva responsabilidad las consecuencias, da\u00f1os o acciones que pudieran derivarse del acceso a la p\u00e1gina web del hiperenlace.<\/li>\n\n\n\n<li>La p\u00e1gina web en la que se establezca el hiperenlace no podr\u00e1 contener marca, denominaci\u00f3n, logotipo, eslogan u otros signos distintivos pertenecientes a Oli Vil\u00e0 excepto aquellos signos que formen parte del mismo hiperenlace.<\/li>\n<\/ol>\n\n\n\n<hr class=\"wp-block-separator has-alpha-channel-opacity\"\/>\n\n\n\n<h6 class=\"wp-block-heading\"><strong>PROTECCI\u00d3N DE DATOS PERSONALES<\/strong><\/h6>\n\n\n\n<p>Acceda a nuestra <a href=\"https:\/\/olivila.com\/es\/politica-de-proteccion-de-datos-personales\/\">Pol\u00edtica de Protecci\u00f3n de Datos Personales.<\/a><\/p>\n\n\n\n<hr class=\"wp-block-separator has-alpha-channel-opacity\"\/>\n\n\n\n<h6 class=\"wp-block-heading\"><strong>POL\u00cdTICA DE COOKIES<\/strong><\/h6>\n\n\n\n<p>Acceda a nuestra&nbsp;<a href=\"https:\/\/olivila.com\/es\/politica-de-cookies\/\">Pol\u00edtica de Cookies<\/a>.<\/p>\n\n\n\n<hr class=\"wp-block-separator has-alpha-channel-opacity\"\/>\n\n\n\n<h6 class=\"wp-block-heading\"><strong>LEY APLICABLE Y JURISDICCI\u00d3N<\/strong><\/h6>\n\n\n\n<p>La ley aplicable en caso de disputa o conflicto de interpretaci\u00f3n de los t\u00e9rminos que conforman este Aviso Legal, as\u00ed como cualquier cuesti\u00f3n relacionada con los servicios de la presente Web, ser\u00e1 la ley espa\u00f1ola (en vigor).<\/p>\n\n\n\n<p>Para la resoluci\u00f3n de cualquier conflicto que pueda surgir con ocasi\u00f3n de la visita de la Web o del uso de los servicios que en ella se puedan ofertar, Oli Vil\u00e0 y el Usuario acuerdan someterse a los Jueces y Tribunales de la ciudad de Lleida, Espa\u00f1a.<\/p>\n<\/div><\/div>\n\n<\/div><\/div>","protected":false},"excerpt":{"rendered":"<p>Aviso legal En cumplimiento de la Ley 34\/2002, de 11 de julio, de servicios de la sociedad de la informaci\u00f3n y de comercio electr\u00f3nico (LSSI), le informamos de que: Vil\u00e0 Moli d\u2019Oli SL&nbsp;est\u00e1 domiciliada en la calle&nbsp;de Lleida, del Cogul, con CIF&nbsp;B25398959. Inscrita en el Registro Mercantil de&nbsp;Lleida, Tomo&nbsp;495 de la secci\u00f3n general, Folio&nbsp;218, Hoja&#8230;<\/p>","protected":false},"author":1,"featured_media":0,"parent":0,"menu_order":0,"comment_status":"closed","ping_status":"closed","template":"","meta":{"_kad_post_transparent":"","_kad_post_title":"","_kad_post_layout":"","_kad_post_sidebar_id":"","_kad_post_content_style":"","_kad_post_vertical_padding":"","_kad_post_feature":"","_kad_post_feature_position":"","_kad_post_header":false,"_kad_post_footer":false,"_kad_post_classname":"","footnotes":""},"class_list":["post-255","page","type-page","status-publish","hentry"],"_links":{"self":[{"href":"https:\/\/olivila.com\/es\/wp-json\/wp\/v2\/pages\/255","targetHints":{"allow":["GET"]}}],"collection":[{"href":"https:\/\/olivila.com\/es\/wp-json\/wp\/v2\/pages"}],"about":[{"href":"https:\/\/olivila.com\/es\/wp-json\/wp\/v2\/types\/page"}],"author":[{"embeddable":true,"href":"https:\/\/olivila.com\/es\/wp-json\/wp\/v2\/users\/1"}],"replies":[{"embeddable":true,"href":"https:\/\/olivila.com\/es\/wp-json\/wp\/v2\/comments?post=255"}],"version-history":[{"count":4,"href":"https:\/\/olivila.com\/es\/wp-json\/wp\/v2\/pages\/255\/revisions"}],"predecessor-version":[{"id":343,"href":"https:\/\/olivila.com\/es\/wp-json\/wp\/v2\/pages\/255\/revisions\/343"}],"wp:attachment":[{"href":"https:\/\/olivila.com\/es\/wp-json\/wp\/v2\/media?parent=255"}],"curies":[{"name":"wp","href":"https:\/\/api.w.org\/{rel}","templated":true}]}}