{"id":258,"date":"2024-01-03T13:22:36","date_gmt":"2024-01-03T11:22:36","guid":{"rendered":"http:\/\/olivila.scatter.cat\/?page_id=258"},"modified":"2024-01-03T22:43:15","modified_gmt":"2024-01-03T20:43:15","slug":"politica-de-galetes","status":"publish","type":"page","link":"https:\/\/olivila.com\/es\/politica-cookies\/","title":{"rendered":"Pol\u00edtica de cookies"},"content":{"rendered":"<style>.kb-row-layout-id258_b2b7e0-64 > .kt-row-column-wrap{align-content:start;}:where(.kb-row-layout-id258_b2b7e0-64 > .kt-row-column-wrap) > .wp-block-kadence-column{justify-content:start;}.kb-row-layout-id258_b2b7e0-64 > .kt-row-column-wrap{column-gap:var(--global-kb-gap-md, 2rem);row-gap:var(--global-kb-gap-md, 2rem);max-width:var( --global-content-width, 1720px );padding-left:var(--global-content-edge-padding);padding-right:var(--global-content-edge-padding);padding-top:var(--global-kb-spacing-sm, 1.5rem);padding-bottom:var(--global-kb-spacing-sm, 1.5rem);grid-template-columns:minmax(0, 1fr);}.kb-row-layout-id258_b2b7e0-64 > .kt-row-layout-overlay{opacity:0.30;}@media all and (max-width: 1024px){.kb-row-layout-id258_b2b7e0-64 > .kt-row-column-wrap{grid-template-columns:minmax(0, 1fr);}}@media all and (max-width: 767px){.kb-row-layout-id258_b2b7e0-64 > .kt-row-column-wrap{grid-template-columns:minmax(0, 1fr);}}<\/style><div class=\"kb-row-layout-wrap kb-row-layout-id258_b2b7e0-64 alignnone wp-block-kadence-rowlayout\"><div class=\"kt-row-column-wrap kt-has-1-columns kt-row-layout-equal kt-tab-layout-inherit kt-mobile-layout-row kt-row-valign-top kb-theme-content-width\">\n<style>.kadence-column258_5c5a1e-d8 > .kt-inside-inner-col,.kadence-column258_5c5a1e-d8 > .kt-inside-inner-col:before{border-top-left-radius:0px;border-top-right-radius:0px;border-bottom-right-radius:0px;border-bottom-left-radius:0px;}.kadence-column258_5c5a1e-d8 > .kt-inside-inner-col{column-gap:var(--global-kb-gap-sm, 1rem);}.kadence-column258_5c5a1e-d8 > .kt-inside-inner-col{flex-direction:column;}.kadence-column258_5c5a1e-d8 > .kt-inside-inner-col > .aligncenter{width:100%;}.kadence-column258_5c5a1e-d8 > .kt-inside-inner-col:before{opacity:0.3;}.kadence-column258_5c5a1e-d8{position:relative;}@media all and (max-width: 1024px){.kadence-column258_5c5a1e-d8 > .kt-inside-inner-col{flex-direction:column;justify-content:center;}}@media all and (max-width: 767px){.kadence-column258_5c5a1e-d8 > .kt-inside-inner-col{flex-direction:column;justify-content:center;}}<\/style>\n<div class=\"wp-block-kadence-column kadence-column258_5c5a1e-d8\"><div class=\"kt-inside-inner-col\"><style>.wp-block-kadence-advancedheading.kt-adv-heading258_37592f-1f, .wp-block-kadence-advancedheading.kt-adv-heading258_37592f-1f[data-kb-block=\"kb-adv-heading258_37592f-1f\"]{font-size:var(--global-kb-font-size-xxl, 4rem);font-style:normal;}.wp-block-kadence-advancedheading.kt-adv-heading258_37592f-1f mark.kt-highlight, .wp-block-kadence-advancedheading.kt-adv-heading258_37592f-1f[data-kb-block=\"kb-adv-heading258_37592f-1f\"] mark.kt-highlight{font-style:normal;color:#f76a0c;-webkit-box-decoration-break:clone;box-decoration-break:clone;padding-top:0px;padding-right:0px;padding-bottom:0px;padding-left:0px;}.wp-block-kadence-advancedheading.kt-adv-heading258_37592f-1f img.kb-inline-image, .wp-block-kadence-advancedheading.kt-adv-heading258_37592f-1f[data-kb-block=\"kb-adv-heading258_37592f-1f\"] img.kb-inline-image{width:150px;vertical-align:baseline;}<\/style>\n<h2 class=\"kt-adv-heading258_37592f-1f wp-block-kadence-advancedheading\" data-kb-block=\"kb-adv-heading258_37592f-1f\">Pol\u00edtica de cookies<\/h2>\n\n\n\n<p>En Oli Vil\u00e0 utilizamos cookies con el objetivo de prestar un mejor servicio y proporcionarte una mejor experiencia en tu navegaci\u00f3n. Queremos informarle de manera clara y precisa sobre las cookies que utilizamos, detallando a continuaci\u00f3n, que es una cookie, para que sirve, que tipos de cookies utilizamos, cuales son su finalidad y como puedes configurarlas o deshabilitarlas si as\u00ed lo deseas.<\/p>\n\n\n\n<p><strong>\u00bfQu\u00e9 es una cookie y para qu\u00e9 sirve?<\/strong><br>Una \u201cCookie\u201d es un peque\u00f1o archivo que se almacena en el ordenador del usuario, tablet, smartphone o cualquier otro dispositivo con informaci\u00f3n sobre la navegaci\u00f3n.<br>El conjunto de \u201ccookies\u201d de todos nuestros usuarios nos ayuda a mejorar la calidad de nuestra web, permiti\u00e9ndonos controlar qu\u00e9 p\u00e1ginas son \u00fatiles, cu\u00e1les no y cu\u00e1les son susceptibles de mejora.<br>Las cookies son esenciales para el funcionamiento de internet, aportando innumerables ventajas en la prestaci\u00f3n de servicios interactivos, facilit\u00e1ndote la navegaci\u00f3n y usabilidad de nuestra web. En ning\u00fan caso las cookies podr\u00edan da\u00f1ar tu equipo. Por contra, el que est\u00e9n activas nos ayuda a identificar y resolver los errores.<\/p>\n\n\n\n<hr class=\"wp-block-separator has-alpha-channel-opacity\"\/>\n\n\n\n<h6 class=\"wp-block-heading\"><strong>\u00bfQU\u00c9 TIPOS DE COOKIES UTILIZAMOS?<\/strong><\/h6>\n\n\n\n<p><strong>Seg\u00fan la entidad que las gestiona<\/strong><\/p>\n\n\n\n<ul class=\"wp-block-list\">\n<li><strong>Cookies propias<\/strong><br>Son aquellas que se env\u00edan a tu equipo desde nuestros propios equipos o dominios y desde el que prestamos el servicio que nos solicitas.<\/li>\n\n\n\n<li><strong>Cookies de terceros<\/strong><br>Son aquellas que se env\u00edan a tu equipo desde un equipo o dominio que no es gestionado por nosotros, sino por otra entidad colaboradora. Como por ejemplo, las usadas por redes sociales, o por contenido externo como Google Maps.<\/li>\n<\/ul>\n\n\n\n<p><strong>Seg\u00fan el plazo de tiempo que permanecen activadas<\/strong><\/p>\n\n\n\n<ul class=\"wp-block-list\">\n<li><strong>Cookies de sesi\u00f3n<\/strong><br>Son cookies temporales que permanecen en el archivo de cookies de tu navegador hasta que abandonas la p\u00e1gina web, por lo que ninguna queda registrada en el disco duro de tu ordenador. La informaci\u00f3n obtenida por medio de estas cookies, sirven para analizar pautas de tr\u00e1fico en la web. A la larga, esto nos permite proporcionar una mejor experiencia para mejorar el contenido y facilitar su uso.<\/li>\n\n\n\n<li><strong>Cookies persistentes<\/strong><br>Son almacenadas en el disco duro y nuestra web las lee cada vez que realizas una nueva visita. Una web permanente posee una fecha de expiraci\u00f3n determinada. La cookie dejar\u00e1 de funcionar despu\u00e9s de esa fecha. Estas cookies las utilizamos, generalmente, para facilitar la navegaci\u00f3n.<\/li>\n<\/ul>\n\n\n\n<p><strong>Seg\u00fan su finalidad<\/strong><\/p>\n\n\n\n<ul class=\"wp-block-list\">\n<li><strong>Cookies t\u00e9cnicas<\/strong><br>Son aquellas necesarias para la navegaci\u00f3n y el buen funcionamiento de nuestra p\u00e1gina web. Permiten por ejemplo, controlar el tr\u00e1fico y la comunicaci\u00f3n de datos, acceder a partes de acceso restringido, realizar el proceso de compra de un pedido, utilizar elementos de seguridad, almacenar contenidos para poder difundir v\u00eddeos o compartir contenidos a trav\u00e9s de redes sociales.<\/li>\n\n\n\n<li><strong>Cookies de personalizaci\u00f3n<\/strong><br>Son aqu\u00e9llas que te permiten acceder al servicio con unas caracter\u00edsticas predefinidas en funci\u00f3n de una serie de criterios, como por ejemplo el idioma, el tipo de navegador a trav\u00e9s del cual se accede al servicio, la configuraci\u00f3n regional desde donde se accede al servicio, etc.<\/li>\n\n\n\n<li><strong>Cookies de an\u00e1lisis<\/strong><br>Son aqu\u00e9llas que nos permiten cuantificar el n\u00famero de usuarios y as\u00ed realizar la medici\u00f3n y an\u00e1lisis estad\u00edstico de la utilizaci\u00f3n que hacen los usuarios de los servicios prestados. Para ello se analiza su navegaci\u00f3n en nuestra p\u00e1gina web con el fin de mejorar la oferta de productos y servicios que ofrecemos.<\/li>\n<\/ul>\n\n\n\n<hr class=\"wp-block-separator has-alpha-channel-opacity\"\/>\n\n\n\n<h6 class=\"wp-block-heading\"><strong>FINALIDAD DE CADA UNA DE LAS COOKIES UTILIZADAS<\/strong><\/h6>\n\n\n\n<p>A continuaci\u00f3n detallamos las cookies utilizadas en nuestra web y la finalidad de las mismas.<\/p>\n\n\n\n<figure class=\"wp-block-table\"><table><tbody><tr><td><strong>Nombre<\/strong><\/td><td><strong>Gestor<\/strong><\/td><td><strong>Dominio<\/strong><\/td><td><strong>Proveedor<\/strong><\/td><td><strong>Duraci\u00f3n<\/strong><\/td><td><strong>Finalidad<\/strong><\/td><td><strong>Exenta<\/strong><\/td><\/tr><tr><td>1P_JAR<\/td><td>Terceros<\/td><td>.gstatic.com<\/td><td>GSTATIC<\/td><td>Persistente (UN MES)<\/td><td>de an\u00e1lisis<\/td><td>&nbsp; &nbsp; No<\/td><\/tr><tr><td>APISID<\/td><td>Terceros<\/td><td>.google.com<\/td><td>GOOGLE<\/td><td>Persistente (DOS A\u00d1OS)<\/td><td>de autenticaci\u00f3n o identificaci\u00f3n del usuario<\/td><td>&nbsp; &nbsp; S\u00ed<\/td><\/tr><tr><td>CONSENT<\/td><td>Terceros<\/td><td>.google.com<\/td><td>GOOGLE<\/td><td>Persistente (VEINTE A\u00d1OS)<\/td><td>Cookie de Google Maps, se usa para el funcionamiento del mapa de Google.<\/td><td>\u2013<\/td><\/tr><tr><td>CONSENT<\/td><td>Terceros<\/td><td>.gstatic.com<\/td><td>GSTATIC<\/td><td>Persistente (VEINTE A\u00d1OS)<\/td><td>Cookie de Google Maps, se usa para el funcionamiento del mapa de Google.<\/td><td>\u2013<\/td><\/tr><tr><td>HSID<\/td><td>Terceros<\/td><td>.google.com<\/td><td>GOOGLE<\/td><td>Persistente (DOS A\u00d1OS)<\/td><td>de autenticaci\u00f3n o identificaci\u00f3n del usuario<\/td><td>&nbsp; &nbsp; S\u00ed<\/td><\/tr><tr><td>NID<\/td><td>Terceros<\/td><td>.google.com<\/td><td>GOOGLE<\/td><td>Persistente (SEIS MESES)<\/td><td>de autenticaci\u00f3n o identificaci\u00f3n del usuario<\/td><td>&nbsp; &nbsp; S\u00ed<\/td><\/tr><tr><td>NID<\/td><td>Terceros<\/td><td>.gstatic.com<\/td><td>GSTATIC<\/td><td>Persistente (SEIS MESES)<\/td><td>de autenticaci\u00f3n o identificaci\u00f3n del usuario<\/td><td>&nbsp; &nbsp; S\u00ed<\/td><\/tr><tr><td>OGP<\/td><td>Terceros<\/td><td>.google.com<\/td><td>GOOGLE<\/td><td>Persistente (DOS MESES)<\/td><td>de visualizaci\u00f3n de ubicaciones geogr\u00e1ficas<\/td><td>\u2013<\/td><\/tr><tr><td>OGPC<\/td><td>Terceros<\/td><td>.google.com<\/td><td>GOOGLE<\/td><td>Persistente (DOS MESES)<\/td><td>de visualizaci\u00f3n de ubicaciones geogr\u00e1ficas<\/td><td>\u2013<\/td><\/tr><tr><td>SAPISID<\/td><td>Terceros<\/td><td>.google.com<\/td><td>GOOGLE<\/td><td>Persistente (DOS A\u00d1OS)<\/td><td>de autenticaci\u00f3n o identificaci\u00f3n del usuario<\/td><td>&nbsp; &nbsp; S\u00ed<\/td><\/tr><tr><td>SID<\/td><td>Terceros<\/td><td>.google.com<\/td><td>GOOGLE<\/td><td>Persistente (DOS A\u00d1OS)<\/td><td>de autenticaci\u00f3n o identificaci\u00f3n del usuario<\/td><td>&nbsp; &nbsp; S\u00ed<\/td><\/tr><tr><td>SIDCC<\/td><td>Terceros<\/td><td>.google.com<\/td><td>GOOGLE<\/td><td>Persistente (TRES MESES)<\/td><td>de autenticaci\u00f3n o identificaci\u00f3n del usuario<\/td><td>&nbsp; &nbsp; S\u00ed<\/td><\/tr><tr><td>SSID<\/td><td>Terceros<\/td><td>.google.com<\/td><td>GOOGLE<\/td><td>Persistente (DOS A\u00d1OS)<\/td><td>de autenticaci\u00f3n o identificaci\u00f3n del usuario<\/td><td>&nbsp; &nbsp; S\u00ed<\/td><\/tr><tr><td>wp-settings-1<\/td><td>Propia<\/td><td>www.congrescuinalleida.udl.cat<\/td><td>Tercer Congr\u00e9s Catal\u00e0 de la Cuina<\/td><td>Persistente (DOS A\u00d1OS)<\/td><td>Cookie utilizada por el CMS WordPress para el almacenaje de preferencias de acceso y usuarios.<\/td><td>&nbsp; &nbsp; S\u00ed<\/td><\/tr><tr><td>wp-settings-time-1<\/td><td>Propia<\/td><td>www.congrescuinalleida.udl.cat<\/td><td>Tercer Congr\u00e9s Catal\u00e0 de la Cuina<\/td><td>Persistente (UN A\u00d1OS)<\/td><td>Esta cookie se utiliza para personalizar el interfaz de usuario<\/td><td>&nbsp; &nbsp; S\u00ed<\/td><\/tr><tr><td>wordpress_test_cookie<\/td><td>Propia<\/td><td>www.congrescuinalleida.udl.cat<\/td><td>Tercer Congr\u00e9s Catal\u00e0 de la Cuina<\/td><td>Persistente (UN A\u00d1OS)<\/td><td>Esta cookie se utiliza para personalizar el interfaz de usuario<\/td><td>&nbsp; &nbsp; \u2013<\/td><\/tr><tr><td>_ga<\/td><td>Propia<\/td><td>.udl.cat<\/td><td>Tercer Congr\u00e9s Catal\u00e0 de la Cuina<\/td><td>Persistente (DOS A\u00d1OS)<\/td><td>Se usa para distinguir a los usuarios<\/td><td>&nbsp; &nbsp; \u2013<\/td><\/tr><tr><td>_gid<\/td><td>Propia<\/td><td>.udl.cat<\/td><td>Tercer Congr\u00e9s Catal\u00e0 de la Cuina<\/td><td>Persistente (24 Horas)<\/td><td>Se usa para distinguir a los usuarios<\/td><td>&nbsp; &nbsp; \u2013<\/td><\/tr><\/tbody><\/table><\/figure>\n\n\n\n<p><strong>Informaci\u00f3n adicional&nbsp;<\/strong><\/p>\n\n\n\n<ul class=\"wp-block-list\">\n<li>Uso de las cookies de Google Analytics en los sitios web:&nbsp;<a href=\"https:\/\/developers.google.com\/analytics\/devguides\/collection\/analyticsjs\/cookie-usage?hl=es\" target=\"_blank\" rel=\"noreferrer noopener\">https:\/\/developers.google.com\/analytics\/devguides\/collection\/analyticsjs\/cookie-usage?hl=es<\/a><\/li>\n\n\n\n<li>Condiciones de privacidad de Google Analytics:&nbsp;<a href=\"https:\/\/www.google.com\/policies\/privacy\/\" target=\"_blank\" rel=\"noreferrer noopener\">https:\/\/www.google.com\/policies\/privacy\/<\/a><\/li>\n\n\n\n<li>Condiciones de las cookies de Google:&nbsp;<a href=\"http:\/\/www.google.com\/policies\/technologies\/types\/\" target=\"_blank\" rel=\"noreferrer noopener\">http:\/\/www.google.com\/policies\/technologies\/types\/&nbsp;<\/a><\/li>\n<\/ul>\n\n\n\n<hr class=\"wp-block-separator has-alpha-channel-opacity\"\/>\n\n\n\n<h6 class=\"wp-block-heading\"><strong>ACEPTACI\u00d3N DE LA POL\u00cdTICA DE COOKIES<\/strong><\/h6>\n\n\n\n<p>Tercer Congr\u00e9s Catal\u00e0 de la Cuina muestra informaci\u00f3n sobre su Pol\u00edtica de cookies en la parte inferior&nbsp;de cualquier p\u00e1gina del portal con cada inicio de sesi\u00f3n con el objeto de que usted sea consciente.<br>Ante esta informaci\u00f3n es posible llevar a cabo las siguientes acciones:<\/p>\n\n\n\n<ul class=\"wp-block-list\">\n<li><strong>Aceptar cookies<\/strong>. No se volver\u00e1 a visualizar este aviso al acceder a cualquier p\u00e1gina del portal durante la presente sesi\u00f3n.<\/li>\n\n\n\n<li><strong>Modificar la configuraci\u00f3n<\/strong>. Podr\u00e1 obtener m\u00e1s informaci\u00f3n sobre qu\u00e9 son las cookies, conocer la Pol\u00edtica de cookies de Tercer Congr\u00e9s Catal\u00e0 de la Cuina y modificar la configuraci\u00f3n de su navegador para restringir o bloquear las cookies de Tercer Congr\u00e9s Catal\u00e0 de la Cuina en cualquier momento. En el caso de restringir o bloquear las cookies puede ver reducidas las funcionalidades de la web.<\/li>\n\n\n\n<li><strong>Seguir navegando o moverse por la barra de desplazamiento<\/strong>: en cuyo caso consideramos que acepta su uso.<\/li>\n<\/ul>\n\n\n\n<hr class=\"wp-block-separator has-alpha-channel-opacity\"\/>\n\n\n\n<h6 class=\"wp-block-heading\"><strong>C\u00d3MO MODIFICAR LA CONFIGURACI\u00d3N DE LAS COOKIES<\/strong><\/h6>\n\n\n\n<p>Usted puede restringir, bloquear o borrar las cookies de Tercer Congr\u00e9s Catal\u00e0 de la Cuina o cualquier otra p\u00e1gina web, utilizando su navegador. En cada navegador la operativa es diferente, la funci\u00f3n de \u2018Ayuda\u201d le mostrar\u00e1 c\u00f3mo hacerlo.<\/p>\n\n\n\n<ul class=\"wp-block-list\">\n<li><a href=\"https:\/\/support.google.com\/chrome\/answer\/95647?hl=es\">Google Chrome<\/a><\/li>\n\n\n\n<li><a href=\"https:\/\/support.mozilla.org\/es\/kb\/habilitar-y-deshabilitar-cookies-que-los-sitios-we\">Mozilla Firefox<\/a><\/li>\n\n\n\n<li><a href=\"http:\/\/windows.microsoft.com\/es-es\/windows-vista\/block-or-allow-cookies\">Internet Explorer<\/a><\/li>\n\n\n\n<li><a href=\"http:\/\/support.apple.com\/kb\/ph5042?viewlocale=es_es\">Safari<\/a><\/li>\n\n\n\n<li><a href=\"http:\/\/support.apple.com\/kb\/ht1677?viewlocale=es_es\">Safari para IOS (iPhone y iPad)<\/a><\/li>\n\n\n\n<li><a href=\"https:\/\/support.google.com\/chrome\/answer\/2392971?hl=es\">Chrome para Android<\/a><\/li>\n<\/ul>\n\n\n\n<p>Adem\u00e1s, tambi\u00e9n puede gestionar el almac\u00e9n de cookies en su navegador a trav\u00e9s de herramientas como las siguientes:<\/p>\n\n\n\n<ul class=\"wp-block-list\">\n<li><a href=\"http:\/\/www.ghostery.com\/\">Ghostery<\/a><\/li>\n\n\n\n<li><a href=\"http:\/\/www.youronlinechoices.com\/es\/\">Your online choices<\/a><\/li>\n<\/ul>\n<\/div><\/div>\n\n<\/div><\/div>","protected":false},"excerpt":{"rendered":"<p>Pol\u00edtica de cookies En Oli Vil\u00e0 utilizamos cookies con el objetivo de prestar un mejor servicio y proporcionarte una mejor experiencia en tu navegaci\u00f3n. Queremos informarle de manera clara y precisa sobre las cookies que utilizamos, detallando a continuaci\u00f3n, que es una cookie, para que sirve, que tipos de cookies utilizamos, cuales son su finalidad&#8230;<\/p>","protected":false},"author":1,"featured_media":0,"parent":0,"menu_order":0,"comment_status":"closed","ping_status":"closed","template":"","meta":{"_kad_post_transparent":"","_kad_post_title":"","_kad_post_layout":"","_kad_post_sidebar_id":"","_kad_post_content_style":"","_kad_post_vertical_padding":"","_kad_post_feature":"","_kad_post_feature_position":"","_kad_post_header":false,"_kad_post_footer":false,"_kad_post_classname":"","footnotes":""},"class_list":["post-258","page","type-page","status-publish","hentry"],"_links":{"self":[{"href":"https:\/\/olivila.com\/es\/wp-json\/wp\/v2\/pages\/258","targetHints":{"allow":["GET"]}}],"collection":[{"href":"https:\/\/olivila.com\/es\/wp-json\/wp\/v2\/pages"}],"about":[{"href":"https:\/\/olivila.com\/es\/wp-json\/wp\/v2\/types\/page"}],"author":[{"embeddable":true,"href":"https:\/\/olivila.com\/es\/wp-json\/wp\/v2\/users\/1"}],"replies":[{"embeddable":true,"href":"https:\/\/olivila.com\/es\/wp-json\/wp\/v2\/comments?post=258"}],"version-history":[{"count":3,"href":"https:\/\/olivila.com\/es\/wp-json\/wp\/v2\/pages\/258\/revisions"}],"predecessor-version":[{"id":344,"href":"https:\/\/olivila.com\/es\/wp-json\/wp\/v2\/pages\/258\/revisions\/344"}],"wp:attachment":[{"href":"https:\/\/olivila.com\/es\/wp-json\/wp\/v2\/media?parent=258"}],"curies":[{"name":"wp","href":"https:\/\/api.w.org\/{rel}","templated":true}]}}