{"id":262,"date":"2024-01-03T13:24:36","date_gmt":"2024-01-03T11:24:36","guid":{"rendered":"http:\/\/olivila.scatter.cat\/?page_id=262"},"modified":"2026-04-08T11:21:43","modified_gmt":"2026-04-08T09:21:43","slug":"politica-de-proteccio-de-dades","status":"publish","type":"page","link":"https:\/\/olivila.com\/es\/proteccion-de-datos\/","title":{"rendered":"Pol\u00edtica de protecci\u00f3n de datos"},"content":{"rendered":"<style>.kb-row-layout-id262_d72361-f7 > .kt-row-column-wrap{align-content:start;}:where(.kb-row-layout-id262_d72361-f7 > .kt-row-column-wrap) > .wp-block-kadence-column{justify-content:start;}.kb-row-layout-id262_d72361-f7 > .kt-row-column-wrap{column-gap:var(--global-kb-gap-md, 2rem);row-gap:var(--global-kb-gap-md, 2rem);max-width:var( --global-content-width, 1720px );padding-left:var(--global-content-edge-padding);padding-right:var(--global-content-edge-padding);padding-top:var(--global-kb-spacing-sm, 1.5rem);padding-bottom:var(--global-kb-spacing-sm, 1.5rem);grid-template-columns:minmax(0, 1fr);}.kb-row-layout-id262_d72361-f7 > .kt-row-layout-overlay{opacity:0.30;}@media all and (max-width: 1024px){.kb-row-layout-id262_d72361-f7 > .kt-row-column-wrap{grid-template-columns:minmax(0, 1fr);}}@media all and (max-width: 767px){.kb-row-layout-id262_d72361-f7 > .kt-row-column-wrap{grid-template-columns:minmax(0, 1fr);}}<\/style><div class=\"kb-row-layout-wrap kb-row-layout-id262_d72361-f7 alignnone wp-block-kadence-rowlayout\"><div class=\"kt-row-column-wrap kt-has-1-columns kt-row-layout-equal kt-tab-layout-inherit kt-mobile-layout-row kt-row-valign-top kb-theme-content-width\">\n<style>.kadence-column262_2eee2c-44 > .kt-inside-inner-col,.kadence-column262_2eee2c-44 > .kt-inside-inner-col:before{border-top-left-radius:0px;border-top-right-radius:0px;border-bottom-right-radius:0px;border-bottom-left-radius:0px;}.kadence-column262_2eee2c-44 > .kt-inside-inner-col{column-gap:var(--global-kb-gap-sm, 1rem);}.kadence-column262_2eee2c-44 > .kt-inside-inner-col{flex-direction:column;}.kadence-column262_2eee2c-44 > .kt-inside-inner-col > .aligncenter{width:100%;}.kadence-column262_2eee2c-44 > .kt-inside-inner-col:before{opacity:0.3;}.kadence-column262_2eee2c-44{position:relative;}@media all and (max-width: 1024px){.kadence-column262_2eee2c-44 > .kt-inside-inner-col{flex-direction:column;justify-content:center;}}@media all and (max-width: 767px){.kadence-column262_2eee2c-44 > .kt-inside-inner-col{flex-direction:column;justify-content:center;}}<\/style>\n<div class=\"wp-block-kadence-column kadence-column262_2eee2c-44\"><div class=\"kt-inside-inner-col\"><style>.wp-block-kadence-advancedheading.kt-adv-heading262_5a8ff4-55, .wp-block-kadence-advancedheading.kt-adv-heading262_5a8ff4-55[data-kb-block=\"kb-adv-heading262_5a8ff4-55\"]{font-size:var(--global-kb-font-size-xxl, 4rem);font-style:normal;}.wp-block-kadence-advancedheading.kt-adv-heading262_5a8ff4-55 mark.kt-highlight, .wp-block-kadence-advancedheading.kt-adv-heading262_5a8ff4-55[data-kb-block=\"kb-adv-heading262_5a8ff4-55\"] mark.kt-highlight{font-style:normal;color:#f76a0c;-webkit-box-decoration-break:clone;box-decoration-break:clone;padding-top:0px;padding-right:0px;padding-bottom:0px;padding-left:0px;}.wp-block-kadence-advancedheading.kt-adv-heading262_5a8ff4-55 img.kb-inline-image, .wp-block-kadence-advancedheading.kt-adv-heading262_5a8ff4-55[data-kb-block=\"kb-adv-heading262_5a8ff4-55\"] img.kb-inline-image{width:150px;vertical-align:baseline;}<\/style>\n<h2 class=\"kt-adv-heading262_5a8ff4-55 wp-block-kadence-advancedheading\" data-kb-block=\"kb-adv-heading262_5a8ff4-55\">Pol\u00edtica de Protecci\u00f3n de Datos<\/h2>\n\n\n\n<h6 class=\"wp-block-heading\">INTRODUCCI\u00d3N<\/h6>\n\n\n\n<p>VIL\u00c0 MOL\u00cd D\u00b4OLI S.L. se compromete a asegurar que su informaci\u00f3n personal se encuentre protegida y no se utilice de forma indebida. A continuaci\u00f3n se explica qui\u00e9n es el responsable de tratamiento, con qu\u00e9 finalidad se va a tratar su informaci\u00f3n personal, la legitimaci\u00f3n para el tratamiento, c\u00f3mo la recabamos, por qu\u00e9 la recabamos, c\u00f3mo la utilizamos, los derechos que le asisten y tambi\u00e9n se explican los procesos que hemos dispuesto para proteger su privacidad. Al facilitarnos su informaci\u00f3n personal y utilizar nuestro sitio web, entendemos que ha le\u00eddo y comprendido los t\u00e9rminos relacionados con la informaci\u00f3n de protecci\u00f3n de datos de car\u00e1cter personal que se exponen. VIL\u00c0 MOL\u00cd D\u00b4OLI S.L. asume la responsabilidad de cumplir con la legislaci\u00f3n vigente en materia de protecci\u00f3n de datos nacional y europea, y tiene el objetivo de tratar sus datos de manera l\u00edcita, leal y transparente.<\/p>\n\n\n\n<hr class=\"wp-block-separator has-alpha-channel-opacity\"\/>\n\n\n\n<h6 class=\"wp-block-heading\">\u00bfQUI\u00c9N ES RESPONSABLE DEL TRATAMIENTO DE LOS DATOS?<\/h6>\n\n\n\n<p>La definici\u00f3n de responsable de tratamiento viene descrita en el Reglamento General de Protecci\u00f3n de datos, y es la siguiente:<\/p>\n\n\n\n<p><strong>Responsable del tratamiento o responsable<\/strong>: la persona f\u00edsica o jur\u00eddica, autoridad p\u00fablica, servicio u otro organismo que, solo o junto con otros, determine los fines y medios del tratamiento.<\/p>\n\n\n\n<p>VIL\u00c0 MOL\u00cd D\u00b4OLI S.L. es responsable de los tratamientos de la informaci\u00f3n personal de sus clientes.<\/p>\n\n\n\n<p>Si tiene cualquier tipo de consulta, comentario o inquietud, o si desea realizar alguna sugerencia sobre c\u00f3mo usamos la informaci\u00f3n personal, puede enviar un correo a <a href=\"mailto:info@olivila.com\">info@olivila.com<\/a>.<\/p>\n\n\n\n<hr class=\"wp-block-separator has-alpha-channel-opacity\"\/>\n\n\n\n<h6 class=\"wp-block-heading\">\u00bfCON QU\u00c9 FINALIDAD RECABAMOS SU INFORMACI\u00d3N PERSONAL?<\/h6>\n\n\n\n<p>La raz\u00f3n principal por la que recabamos su informaci\u00f3n personal es para facilitar y mejorar el servicio, que usted como cliente espera de nosotros.<\/p>\n\n\n\n<p>Recabamos su informaci\u00f3n personal para gestionar sus solicitudes que nos realiza, bien sea a trav\u00e9s de nuestra p\u00e1gina web, por tel\u00e9fono o en alg\u00fan formulario en papel.<\/p>\n\n\n\n<p>A continuaci\u00f3n, incluimos las principales finalidades que hemos identificado en VIL\u00c0 MOL\u00cd D\u00b4OLI S.L.:<\/p>\n\n\n\n<ul class=\"wp-block-list\">\n<li>Gesti\u00f3n de la contrataci\u00f3n de productos y\/o servicios ofrecidos.<\/li>\n\n\n\n<li>Canalizar las solicitudes de informaci\u00f3n, sugerencias y reclamaciones de clientes para su gesti\u00f3n y resoluci\u00f3n.<\/li>\n\n\n\n<li>Encuestas para mejorar nuestros servicios.<\/li>\n\n\n\n<li>Estudios de mercado y prospecci\u00f3n comercial.<\/li>\n\n\n\n<li>Mantenerle informado, sobre nuestros productos, ofertas, oportunidades, etc. Los canales que utilizamos habitualmente son: correo electr\u00f3nico, WhatsApp, SMS, mensaje Push, pero solo si usted nos presta su consentimiento.<\/li>\n<\/ul>\n\n\n\n<hr class=\"wp-block-separator has-alpha-channel-opacity\"\/>\n\n\n\n<h6 class=\"wp-block-heading\">\u00bfCON QU\u00c9 FINALIDAD RECABAMOS SU INFORMACI\u00d3N PERSONAL?<\/h6>\n\n\n\n<p>La raz\u00f3n principal por la que recabamos su informaci\u00f3n personal es para facilitar y mejorar el servicio, que usted como cliente espera de nosotros.<\/p>\n\n\n\n<p>Recabamos su informaci\u00f3n personal para gestionar sus solicitudes que nos realiza, bien sea a trav\u00e9s de nuestra p\u00e1gina web, por tel\u00e9fono o en alg\u00fan formulario en papel.<\/p>\n\n\n\n<p>A continuaci\u00f3n, incluimos las principales finalidades que hemos identificado en VIL\u00c0 MOL\u00cd D\u00b4OLI S.L.:<\/p>\n\n\n\n<ul class=\"wp-block-list\">\n<li>Gesti\u00f3n de la contrataci\u00f3n de productos y\/o servicios ofrecidos.<\/li>\n\n\n\n<li>Canalizar las solicitudes de informaci\u00f3n, sugerencias y reclamaciones de clientes para su gesti\u00f3n y resoluci\u00f3n.<\/li>\n\n\n\n<li>Encuestas para mejorar nuestros servicios.<\/li>\n\n\n\n<li>Estudios de mercado y prospecci\u00f3n comercial.<\/li>\n\n\n\n<li>Mantenerle informado, sobre nuestros productos, ofertas, oportunidades, etc. Los canales que utilizamos habitualmente son: correo electr\u00f3nico, WhatsApp, SMS, mensaje Push, pero solo si usted nos presta su consentimiento.<\/li>\n<\/ul>\n\n\n\n<hr class=\"wp-block-separator has-alpha-channel-opacity\"\/>\n\n\n\n<h6 class=\"wp-block-heading\">METODO DE PAGO<\/h6>\n\n\n\n<p>VIL\u00c0 MOL\u00cd D\u00b4OLI S.L. se basa en la plataforma de comercio electr\u00f3nico <a href=\"http:\/\/www.redsys.es\/\">Redsys<\/a>.<\/p>\n\n\n\n<p>Los datos bancarios introducidos son encriptados y transmitidos de forma segura a los servidores de la pasarela de pago y, posteriormente, son verificados con el banco emisor para evitar posibles fraudes y abusos.<\/p>\n\n\n\n<p>Este procedimiento de introducci\u00f3n de datos est\u00e1 garantizado por la tecnolog\u00eda de encriptaci\u00f3n SSL (Secure Sockets Layer) de 256 bits, uno de los sistemas de protecci\u00f3n m\u00e1s avanzados y eficaces actualmente disponibles, gracias al cual, ning\u00fan tercero tendr\u00e1 acceso v\u00eda Internet a esta informaci\u00f3n relativa a los datos bancarios introducidos por el cliente.<\/p>\n\n\n\n<p>S\u00f3lo Redsys tienen acceso a los datos bancarios del cliente, VIL\u00c0 MOL\u00cd D\u00b4OLI S.L. no tiene acceso a ellos en ning\u00fan momento.<\/p>\n<\/div><\/div>\n\n<\/div><\/div>","protected":false},"excerpt":{"rendered":"<p>Pol\u00edtica de Protecci\u00f3n de Datos INTRODUCCI\u00d3N VIL\u00c0 MOL\u00cd D\u00b4OLI S.L. se compromete a asegurar que su informaci\u00f3n personal se encuentre protegida y no se utilice de forma indebida. A continuaci\u00f3n se explica qui\u00e9n es el responsable de tratamiento, con qu\u00e9 finalidad se va a tratar su informaci\u00f3n personal, la legitimaci\u00f3n para el tratamiento, c\u00f3mo la&#8230;<\/p>","protected":false},"author":1,"featured_media":0,"parent":0,"menu_order":0,"comment_status":"closed","ping_status":"closed","template":"","meta":{"_kad_post_transparent":"","_kad_post_title":"","_kad_post_layout":"","_kad_post_sidebar_id":"","_kad_post_content_style":"","_kad_post_vertical_padding":"","_kad_post_feature":"","_kad_post_feature_position":"","_kad_post_header":false,"_kad_post_footer":false,"_kad_post_classname":"","footnotes":""},"class_list":["post-262","page","type-page","status-publish","hentry"],"_links":{"self":[{"href":"https:\/\/olivila.com\/es\/wp-json\/wp\/v2\/pages\/262","targetHints":{"allow":["GET"]}}],"collection":[{"href":"https:\/\/olivila.com\/es\/wp-json\/wp\/v2\/pages"}],"about":[{"href":"https:\/\/olivila.com\/es\/wp-json\/wp\/v2\/types\/page"}],"author":[{"embeddable":true,"href":"https:\/\/olivila.com\/es\/wp-json\/wp\/v2\/users\/1"}],"replies":[{"embeddable":true,"href":"https:\/\/olivila.com\/es\/wp-json\/wp\/v2\/comments?post=262"}],"version-history":[{"count":4,"href":"https:\/\/olivila.com\/es\/wp-json\/wp\/v2\/pages\/262\/revisions"}],"predecessor-version":[{"id":6879,"href":"https:\/\/olivila.com\/es\/wp-json\/wp\/v2\/pages\/262\/revisions\/6879"}],"wp:attachment":[{"href":"https:\/\/olivila.com\/es\/wp-json\/wp\/v2\/media?parent=262"}],"curies":[{"name":"wp","href":"https:\/\/api.w.org\/{rel}","templated":true}]}}